{"id":379,"date":"2023-07-01T19:49:57","date_gmt":"2023-07-01T19:49:57","guid":{"rendered":"https:\/\/kimhankyul.com\/?page_id=379"},"modified":"2026-03-06T02:52:01","modified_gmt":"2026-03-06T02:52:01","slug":"ongoing-upcoming","status":"publish","type":"page","link":"https:\/\/kimhankyul.com\/?page_id=379","title":{"rendered":"ongoing\/upcoming"},"content":{"rendered":"\t\t<div data-elementor-type=\"wp-page\" data-elementor-id=\"379\" class=\"elementor elementor-379\" data-elementor-post-type=\"page\">\n\t\t\t\t\t\t\t\t\t<section class=\"elementor-section elementor-top-section elementor-element elementor-element-9c22201 elementor-section-boxed elementor-section-height-default elementor-section-height-default\" data-id=\"9c22201\" data-element_type=\"section\">\n\t\t\t\t\t\t<div class=\"elementor-container elementor-column-gap-default\">\n\t\t\t\t\t<div class=\"elementor-column elementor-col-100 elementor-top-column elementor-element elementor-element-43db3ed\" data-id=\"43db3ed\" data-element_type=\"column\">\n\t\t\t<div class=\"elementor-widget-wrap elementor-element-populated\">\n\t\t\t\t\t\t\t\t<div class=\"elementor-element elementor-element-ec72333 elementor-widget elementor-widget-text-editor\" data-id=\"ec72333\" data-element_type=\"widget\" data-widget_type=\"text-editor.default\">\n\t\t\t\t<div class=\"elementor-widget-container\">\n\t\t\t<style>\/*! elementor - v3.15.0 - 09-08-2023 *\/\n.elementor-widget-text-editor.elementor-drop-cap-view-stacked .elementor-drop-cap{background-color:#69727d;color:#fff}.elementor-widget-text-editor.elementor-drop-cap-view-framed .elementor-drop-cap{color:#69727d;border:3px solid;background-color:transparent}.elementor-widget-text-editor:not(.elementor-drop-cap-view-default) .elementor-drop-cap{margin-top:8px}.elementor-widget-text-editor:not(.elementor-drop-cap-view-default) .elementor-drop-cap-letter{width:1em;height:1em}.elementor-widget-text-editor .elementor-drop-cap{float:left;text-align:center;line-height:1;font-size:50px}.elementor-widget-text-editor .elementor-drop-cap-letter{display:inline-block}<\/style>\t\t\t\t<div dir=\"auto\"><div><div><b><u>Ongoing<\/u><\/b><\/div><div>27.2.2026 &#8211; 17.5.2026 (solo exhibition) SOLO OSLO V : Kim Hankyul, MUNCH, OSLO<br \/><br \/><u><b><\/b><\/u><\/div><div><u><b>Upcoming<\/b><\/u><\/div><div>3. 2026 (group exhibition) After the Butcher, Berlin, DE<\/div><div><div>6. 2026 (solo exhibition) H\u00e5 Gamle Prestegaard, N\u00e6rb\u00f8<\/div><div>9. 2026 (solo exhibition) Lydgalleriet, Bergen<br \/>9. 2026 (group exhibition) BO \u2013 Billedkunstnerne i Oslo, Oslo<br \/>10-12. 2026 (collaboration) Future Loundry x Kim Hankyul, Bali<\/div><div>\u00a0<\/div><div>3. 2027 (solo exhibition) Hulias, Oslo<\/div><div>5. 2027 (solo exhibition) Gyldenpris Kunsthall, Bergen<\/div><\/div><\/div><\/div>\t\t\t\t\t\t<\/div>\n\t\t\t\t<\/div>\n\t\t\t\t\t<\/div>\n\t\t<\/div>\n\t\t\t\t\t\t\t<\/div>\n\t\t<\/section>\n\t\t\t\t\t\t\t<\/div>\n\t\t","protected":false},"excerpt":{"rendered":"<p>Ongoing27.2.2026 &#8211; 17.5.2026 (solo exhibition) SOLO OSLO V : Kim Hankyul, MUNCH, OSLO Upcoming3. 2026 (group exhibition) After the Butcher, Berlin, DE6. 2026 (solo exhibition) H\u00e5 Gamle Prestegaard, N\u00e6rb\u00f89. 2026 (solo exhibition) Lydgalleriet, Bergen9. 2026 (group exhibition) BO \u2013 Billedkunstnerne i Oslo, Oslo10-12. 2026 (collaboration) Future Loundry x Kim Hankyul, Bali\u00a03. 2027 (solo exhibition) Hulias, &hellip;<\/p>\n<p class=\"read-more\"> <a class=\"\" href=\"https:\/\/kimhankyul.com\/?page_id=379\"> <span class=\"screen-reader-text\">ongoing\/upcoming<\/span> \ub354 \ubcf4\uae30 &raquo;<\/a><\/p>\n","protected":false},"author":1,"featured_media":0,"parent":0,"menu_order":0,"comment_status":"closed","ping_status":"closed","template":"","meta":{"site-sidebar-layout":"no-sidebar","site-content-layout":"page-builder","ast-global-header-display":"","ast-banner-title-visibility":"","ast-main-header-display":"","ast-hfb-above-header-display":"","ast-hfb-below-header-display":"","ast-hfb-mobile-header-display":"","site-post-title":"disabled","ast-breadcrumbs-content":"","ast-featured-img":"disabled","footer-sml-layout":"","theme-transparent-header-meta":"","adv-header-id-meta":"","stick-header-meta":"","header-above-stick-meta":"","header-main-stick-meta":"","header-below-stick-meta":"","footnotes":""},"class_list":["post-379","page","type-page","status-publish","hentry"],"jetpack_sharing_enabled":true,"_links":{"self":[{"href":"https:\/\/kimhankyul.com\/index.php?rest_route=\/wp\/v2\/pages\/379","targetHints":{"allow":["GET"]}}],"collection":[{"href":"https:\/\/kimhankyul.com\/index.php?rest_route=\/wp\/v2\/pages"}],"about":[{"href":"https:\/\/kimhankyul.com\/index.php?rest_route=\/wp\/v2\/types\/page"}],"author":[{"embeddable":true,"href":"https:\/\/kimhankyul.com\/index.php?rest_route=\/wp\/v2\/users\/1"}],"replies":[{"embeddable":true,"href":"https:\/\/kimhankyul.com\/index.php?rest_route=%2Fwp%2Fv2%2Fcomments&post=379"}],"version-history":[{"count":70,"href":"https:\/\/kimhankyul.com\/index.php?rest_route=\/wp\/v2\/pages\/379\/revisions"}],"predecessor-version":[{"id":963,"href":"https:\/\/kimhankyul.com\/index.php?rest_route=\/wp\/v2\/pages\/379\/revisions\/963"}],"wp:attachment":[{"href":"https:\/\/kimhankyul.com\/index.php?rest_route=%2Fwp%2Fv2%2Fmedia&parent=379"}],"curies":[{"name":"wp","href":"https:\/\/api.w.org\/{rel}","templated":true}]}}